{"id":380,"date":"2022-09-16T20:46:59","date_gmt":"2022-09-17T00:46:59","guid":{"rendered":"https:\/\/fondationmaisonaphasie.ca\/?page_id=380"},"modified":"2023-05-24T21:16:05","modified_gmt":"2023-05-25T01:16:05","slug":"temoignages","status":"publish","type":"page","link":"https:\/\/fondationmaisonaphasie.ca\/en\/temoignages\/","title":{"rendered":"Testimonials"},"content":{"rendered":"<div data-elementor-type=\"wp-page\" data-elementor-id=\"380\" class=\"elementor elementor-380\" data-elementor-post-type=\"page\">\n\t\t\t\t\t\t<section class=\"elementor-section elementor-top-section elementor-element elementor-element-38b1072c elementor-section-height-min-height elementor-section-items-stretch elementor-section-boxed elementor-section-height-default\" data-id=\"38b1072c\" data-element_type=\"section\" data-settings=\"{&quot;background_background&quot;:&quot;classic&quot;}\">\n\t\t\t\t\t\t\t<div class=\"elementor-background-overlay\"><\/div>\n\t\t\t\t\t\t\t<div class=\"elementor-container elementor-column-gap-no\">\n\t\t\t\t\t<div class=\"elementor-column elementor-col-100 elementor-top-column elementor-element elementor-element-46aef507\" data-id=\"46aef507\" data-element_type=\"column\">\n\t\t\t<div class=\"elementor-widget-wrap\">\n\t\t\t\t\t\t\t<\/div>\n\t\t<\/div>\n\t\t\t\t\t<\/div>\n\t\t<\/section>\n\t\t\t\t<section class=\"elementor-section elementor-top-section elementor-element elementor-element-b40bfca elementor-section-height-min-height elementor-section-boxed elementor-section-height-default elementor-section-items-middle\" data-id=\"b40bfca\" data-element_type=\"section\">\n\t\t\t\t\t\t<div class=\"elementor-container elementor-column-gap-default\">\n\t\t\t\t\t<div class=\"elementor-column elementor-col-100 elementor-top-column elementor-element elementor-element-a728e99\" data-id=\"a728e99\" data-element_type=\"column\">\n\t\t\t<div class=\"elementor-widget-wrap elementor-element-populated\">\n\t\t\t\t\t\t<div class=\"elementor-element elementor-element-13c01106 elementor-widget elementor-widget-heading\" data-id=\"13c01106\" data-element_type=\"widget\" data-widget_type=\"heading.default\">\n\t\t\t\t<div class=\"elementor-widget-container\">\n\t\t\t\t\t<h1 class=\"elementor-heading-title elementor-size-medium\">Testimonials<\/h1>\t\t\t\t<\/div>\n\t\t\t\t<\/div>\n\t\t\t\t<div class=\"elementor-element elementor-element-234af52 elementor-widget elementor-widget-spacer\" data-id=\"234af52\" data-element_type=\"widget\" data-widget_type=\"spacer.default\">\n\t\t\t\t<div class=\"elementor-widget-container\">\n\t\t\t\t\t\t\t<div class=\"elementor-spacer\">\n\t\t\t<div class=\"elementor-spacer-inner\"><\/div>\n\t\t<\/div>\n\t\t\t\t\t\t<\/div>\n\t\t\t\t<\/div>\n\t\t\t\t\t<\/div>\n\t\t<\/div>\n\t\t\t\t\t<\/div>\n\t\t<\/section>\n\t\t\t\t<section class=\"elementor-section elementor-top-section elementor-element elementor-element-cd6680e elementor-section-boxed elementor-section-height-default elementor-section-height-default\" data-id=\"cd6680e\" data-element_type=\"section\">\n\t\t\t\t\t\t<div class=\"elementor-container elementor-column-gap-default\">\n\t\t\t\t\t<div class=\"elementor-column elementor-col-33 elementor-top-column elementor-element elementor-element-6ec0b4e\" data-id=\"6ec0b4e\" data-element_type=\"column\">\n\t\t\t<div class=\"elementor-widget-wrap elementor-element-populated\">\n\t\t\t\t\t\t<div class=\"elementor-element elementor-element-a826d09 elementor-widget elementor-widget-image\" data-id=\"a826d09\" data-element_type=\"widget\" data-widget_type=\"image.default\">\n\t\t\t\t<div class=\"elementor-widget-container\">\n\t\t\t\t\t\t\t\t\t\t\t\t\t\t\t<img fetchpriority=\"high\" decoding=\"async\" width=\"300\" height=\"300\" src=\"https:\/\/fondationmaisonaphasie.ca\/wp-content\/uploads\/2022\/09\/cong-nguyen_300.jpg\" class=\"attachment-medium size-medium wp-image-544\" alt=\"\" srcset=\"https:\/\/fondationmaisonaphasie.ca\/wp-content\/uploads\/2022\/09\/cong-nguyen_300.jpg 300w, https:\/\/fondationmaisonaphasie.ca\/wp-content\/uploads\/2022\/09\/cong-nguyen_300-150x150.jpg 150w\" sizes=\"(max-width: 300px) 100vw, 300px\" style=\"width:100%;height:100%;max-width:300px\" \/>\t\t\t\t\t\t\t\t\t\t\t\t\t\t\t<\/div>\n\t\t\t\t<\/div>\n\t\t\t\t\t<\/div>\n\t\t<\/div>\n\t\t\t\t<div class=\"elementor-column elementor-col-66 elementor-top-column elementor-element elementor-element-9f1dd74\" data-id=\"9f1dd74\" data-element_type=\"column\">\n\t\t\t<div class=\"elementor-widget-wrap elementor-element-populated\">\n\t\t\t\t\t\t<div class=\"elementor-element elementor-element-acf023c elementor-widget elementor-widget-text-editor\" data-id=\"acf023c\" data-element_type=\"widget\" data-widget_type=\"text-editor.default\">\n\t\t\t\t<div class=\"elementor-widget-container\">\n\t\t\t\t\t\t\t\t\t<p>I joined AQPA in 2008, after spending three years in speech therapy rehabilitation centers. I had severe aphasia due to a stroke, I was mute and could barely write. I was told that there were associations for people with aphasia and their loved ones, and that through group activities, we could make new friends and find different ways to express ourselves and communicate. I gave it a try and received a warm welcome. I have been coming to AQPA for 14 years now. I still see many friends who joined before me. Why? We're all in the same boat. We need to get out of the house, have friends in the community, communicate, and share experiences with other people. I lead a fairly \u201cnormal\u201d life. Honestly, AQPA has helped me find enthusiasm and joy in life. Now I can discuss various projects and issues in my life.<\/p>\t\t\t\t\t\t\t\t<\/div>\n\t\t\t\t<\/div>\n\t\t\t\t<div class=\"elementor-element elementor-element-9a2af41 elementor-widget elementor-widget-heading\" data-id=\"9a2af41\" data-element_type=\"widget\" data-widget_type=\"heading.default\">\n\t\t\t\t<div class=\"elementor-widget-container\">\n\t\t\t\t\t<h2 class=\"elementor-heading-title elementor-size-default\">Cong Nguyen<\/h2>\t\t\t\t<\/div>\n\t\t\t\t<\/div>\n\t\t\t\t<div class=\"elementor-element elementor-element-589bd9f elementor-widget elementor-widget-heading\" data-id=\"589bd9f\" data-element_type=\"widget\" data-widget_type=\"heading.default\">\n\t\t\t\t<div class=\"elementor-widget-container\">\n\t\t\t\t\t<h2 class=\"elementor-heading-title elementor-size-default\">Person with Aphasia<\/h2>\t\t\t\t<\/div>\n\t\t\t\t<\/div>\n\t\t\t\t\t<\/div>\n\t\t<\/div>\n\t\t\t\t\t<\/div>\n\t\t<\/section>\n\t\t\t\t<section class=\"elementor-section elementor-top-section elementor-element elementor-element-bcc10b7 elementor-section-boxed elementor-section-height-default elementor-section-height-default\" data-id=\"bcc10b7\" data-element_type=\"section\">\n\t\t\t\t\t\t<div class=\"elementor-container elementor-column-gap-default\">\n\t\t\t\t\t<div class=\"elementor-column elementor-col-100 elementor-top-column elementor-element elementor-element-0c869da\" data-id=\"0c869da\" data-element_type=\"column\">\n\t\t\t<div class=\"elementor-widget-wrap elementor-element-populated\">\n\t\t\t\t\t\t<div class=\"elementor-element elementor-element-d4aa7ec elementor-widget elementor-widget-spacer\" data-id=\"d4aa7ec\" data-element_type=\"widget\" data-widget_type=\"spacer.default\">\n\t\t\t\t<div class=\"elementor-widget-container\">\n\t\t\t\t\t\t\t<div class=\"elementor-spacer\">\n\t\t\t<div class=\"elementor-spacer-inner\"><\/div>\n\t\t<\/div>\n\t\t\t\t\t\t<\/div>\n\t\t\t\t<\/div>\n\t\t\t\t\t<\/div>\n\t\t<\/div>\n\t\t\t\t\t<\/div>\n\t\t<\/section>\n\t\t\t\t<section class=\"elementor-section elementor-top-section elementor-element elementor-element-9fa8fdb elementor-section-boxed elementor-section-height-default elementor-section-height-default\" data-id=\"9fa8fdb\" data-element_type=\"section\">\n\t\t\t\t\t\t<div class=\"elementor-container elementor-column-gap-default\">\n\t\t\t\t\t<div class=\"elementor-column elementor-col-33 elementor-top-column elementor-element elementor-element-908c712\" data-id=\"908c712\" data-element_type=\"column\">\n\t\t\t<div class=\"elementor-widget-wrap elementor-element-populated\">\n\t\t\t\t\t\t<div class=\"elementor-element elementor-element-4e9129c elementor-widget elementor-widget-image\" data-id=\"4e9129c\" data-element_type=\"widget\" data-widget_type=\"image.default\">\n\t\t\t\t<div class=\"elementor-widget-container\">\n\t\t\t\t\t\t\t\t\t\t\t\t\t\t\t<img decoding=\"async\" width=\"300\" height=\"300\" src=\"https:\/\/fondationmaisonaphasie.ca\/wp-content\/uploads\/2022\/09\/Love-Calonge_300.jpg\" class=\"attachment-large size-large wp-image-545\" alt=\"\" srcset=\"https:\/\/fondationmaisonaphasie.ca\/wp-content\/uploads\/2022\/09\/Love-Calonge_300.jpg 300w, https:\/\/fondationmaisonaphasie.ca\/wp-content\/uploads\/2022\/09\/Love-Calonge_300-150x150.jpg 150w\" sizes=\"(max-width: 300px) 100vw, 300px\" style=\"width:100%;height:100%;max-width:300px\" \/>\t\t\t\t\t\t\t\t\t\t\t\t\t\t\t<\/div>\n\t\t\t\t<\/div>\n\t\t\t\t\t<\/div>\n\t\t<\/div>\n\t\t\t\t<div class=\"elementor-column elementor-col-66 elementor-top-column elementor-element elementor-element-6fec163\" data-id=\"6fec163\" data-element_type=\"column\">\n\t\t\t<div class=\"elementor-widget-wrap elementor-element-populated\">\n\t\t\t\t\t\t<div class=\"elementor-element elementor-element-6459dbd elementor-widget elementor-widget-text-editor\" data-id=\"6459dbd\" data-element_type=\"widget\" data-widget_type=\"text-editor.default\">\n\t\t\t\t<div class=\"elementor-widget-container\">\n\t\t\t\t\t\t\t\t\t<p>On October 17, 1997, my life was suddenly turned upside down in the blink of an eye due to a ruptured aneurysm. A delicate surgical procedure saved my life. However, it was the Quebec Association for People with Aphasia that ultimately enabled me to regain my zest for life despite serious after-effects. Today, along with all the other participants, I would like to express my gratitude to these souls, radiating humanity and kindness, who enable the AQPA to perform true miracles in the field of rehabilitation. Together with everyone, I dream of the day when people with aphasia will benefit from an Aphasia House that will allow them to maximize their independence and social integration, an environment that will be a first in the world!<\/p>\t\t\t\t\t\t\t\t<\/div>\n\t\t\t\t<\/div>\n\t\t\t\t<div class=\"elementor-element elementor-element-5b28aca elementor-widget elementor-widget-heading\" data-id=\"5b28aca\" data-element_type=\"widget\" data-widget_type=\"heading.default\">\n\t\t\t\t<div class=\"elementor-widget-container\">\n\t\t\t\t\t<h2 class=\"elementor-heading-title elementor-size-default\">Love Calonge<\/h2>\t\t\t\t<\/div>\n\t\t\t\t<\/div>\n\t\t\t\t<div class=\"elementor-element elementor-element-342ff41 elementor-widget elementor-widget-heading\" data-id=\"342ff41\" data-element_type=\"widget\" data-widget_type=\"heading.default\">\n\t\t\t\t<div class=\"elementor-widget-container\">\n\t\t\t\t\t<h2 class=\"elementor-heading-title elementor-size-default\">Person with Aphasia<\/h2>\t\t\t\t<\/div>\n\t\t\t\t<\/div>\n\t\t\t\t\t<\/div>\n\t\t<\/div>\n\t\t\t\t\t<\/div>\n\t\t<\/section>\n\t\t\t\t<section class=\"elementor-section elementor-top-section elementor-element elementor-element-c95e0fd elementor-section-boxed elementor-section-height-default elementor-section-height-default\" data-id=\"c95e0fd\" data-element_type=\"section\">\n\t\t\t\t\t\t<div class=\"elementor-container elementor-column-gap-default\">\n\t\t\t\t\t<div class=\"elementor-column elementor-col-100 elementor-top-column elementor-element elementor-element-6650ec0\" data-id=\"6650ec0\" data-element_type=\"column\">\n\t\t\t<div class=\"elementor-widget-wrap elementor-element-populated\">\n\t\t\t\t\t\t<div class=\"elementor-element elementor-element-6e6efad elementor-widget elementor-widget-spacer\" data-id=\"6e6efad\" data-element_type=\"widget\" data-widget_type=\"spacer.default\">\n\t\t\t\t<div class=\"elementor-widget-container\">\n\t\t\t\t\t\t\t<div class=\"elementor-spacer\">\n\t\t\t<div class=\"elementor-spacer-inner\"><\/div>\n\t\t<\/div>\n\t\t\t\t\t\t<\/div>\n\t\t\t\t<\/div>\n\t\t\t\t\t<\/div>\n\t\t<\/div>\n\t\t\t\t\t<\/div>\n\t\t<\/section>\n\t\t\t\t<section class=\"elementor-section elementor-top-section elementor-element elementor-element-d8aa006 elementor-section-boxed elementor-section-height-default elementor-section-height-default\" data-id=\"d8aa006\" data-element_type=\"section\">\n\t\t\t\t\t\t<div class=\"elementor-container elementor-column-gap-default\">\n\t\t\t\t\t<div class=\"elementor-column elementor-col-33 elementor-top-column elementor-element elementor-element-91c476d\" data-id=\"91c476d\" data-element_type=\"column\">\n\t\t\t<div class=\"elementor-widget-wrap elementor-element-populated\">\n\t\t\t\t\t\t<div class=\"elementor-element elementor-element-d7bb4d3 elementor-widget elementor-widget-image\" data-id=\"d7bb4d3\" data-element_type=\"widget\" data-widget_type=\"image.default\">\n\t\t\t\t<div class=\"elementor-widget-container\">\n\t\t\t\t\t\t\t\t\t\t\t\t\t\t\t<img decoding=\"async\" width=\"300\" height=\"300\" src=\"https:\/\/fondationmaisonaphasie.ca\/wp-content\/uploads\/2022\/09\/Maureen-Stafford_300.jpg\" class=\"attachment-large size-large wp-image-546\" alt=\"\" srcset=\"https:\/\/fondationmaisonaphasie.ca\/wp-content\/uploads\/2022\/09\/Maureen-Stafford_300.jpg 300w, https:\/\/fondationmaisonaphasie.ca\/wp-content\/uploads\/2022\/09\/Maureen-Stafford_300-150x150.jpg 150w\" sizes=\"(max-width: 300px) 100vw, 300px\" style=\"width:100%;height:100%;max-width:300px\" \/>\t\t\t\t\t\t\t\t\t\t\t\t\t\t\t<\/div>\n\t\t\t\t<\/div>\n\t\t\t\t\t<\/div>\n\t\t<\/div>\n\t\t\t\t<div class=\"elementor-column elementor-col-66 elementor-top-column elementor-element elementor-element-68f3785\" data-id=\"68f3785\" data-element_type=\"column\">\n\t\t\t<div class=\"elementor-widget-wrap elementor-element-populated\">\n\t\t\t\t\t\t<div class=\"elementor-element elementor-element-57c2cdd elementor-widget elementor-widget-text-editor\" data-id=\"57c2cdd\" data-element_type=\"widget\" data-widget_type=\"text-editor.default\">\n\t\t\t\t<div class=\"elementor-widget-container\">\n\t\t\t\t\t\t\t\t\t<p>What did I like most about AQPA? The warmth of people with aphasia and their caregivers, their openness, their unwavering courage, and their optimism. I was impressed by the quality of the employees: competent, creative, caring, they tirelessly sought to give people with aphasia a better quality of life. Not to mention the Christmas potluck, certainly the best multicultural buffet in town!<\/p>\t\t\t\t\t\t\t\t<\/div>\n\t\t\t\t<\/div>\n\t\t\t\t<div class=\"elementor-element elementor-element-1ab6744 elementor-widget elementor-widget-heading\" data-id=\"1ab6744\" data-element_type=\"widget\" data-widget_type=\"heading.default\">\n\t\t\t\t<div class=\"elementor-widget-container\">\n\t\t\t\t\t<h2 class=\"elementor-heading-title elementor-size-default\">Maureen Stafford<\/h2>\t\t\t\t<\/div>\n\t\t\t\t<\/div>\n\t\t\t\t<div class=\"elementor-element elementor-element-e763615 elementor-widget elementor-widget-heading\" data-id=\"e763615\" data-element_type=\"widget\" data-widget_type=\"heading.default\">\n\t\t\t\t<div class=\"elementor-widget-container\">\n\t\t\t\t\t<h2 class=\"elementor-heading-title elementor-size-default\">Social worker at AQPA from 2011 to 2021<\/h2>\t\t\t\t<\/div>\n\t\t\t\t<\/div>\n\t\t\t\t\t<\/div>\n\t\t<\/div>\n\t\t\t\t\t<\/div>\n\t\t<\/section>\n\t\t\t\t<section class=\"elementor-section elementor-top-section elementor-element elementor-element-84fd77b elementor-section-boxed elementor-section-height-default elementor-section-height-default\" data-id=\"84fd77b\" data-element_type=\"section\">\n\t\t\t\t\t\t<div class=\"elementor-container elementor-column-gap-default\">\n\t\t\t\t\t<div class=\"elementor-column elementor-col-33 elementor-top-column elementor-element elementor-element-38162bf\" data-id=\"38162bf\" data-element_type=\"column\">\n\t\t\t<div class=\"elementor-widget-wrap elementor-element-populated\">\n\t\t\t\t\t\t<div class=\"elementor-element elementor-element-cdaaf4e elementor-widget elementor-widget-image\" data-id=\"cdaaf4e\" data-element_type=\"widget\" data-widget_type=\"image.default\">\n\t\t\t\t<div class=\"elementor-widget-container\">\n\t\t\t\t\t\t\t\t\t\t\t\t\t\t\t<img loading=\"lazy\" decoding=\"async\" width=\"681\" height=\"383\" src=\"https:\/\/fondationmaisonaphasie.ca\/wp-content\/uploads\/2023\/03\/Ladislau-Suli-le-resilient.jpg\" class=\"attachment-large size-large wp-image-1505\" alt=\"\" srcset=\"https:\/\/fondationmaisonaphasie.ca\/wp-content\/uploads\/2023\/03\/Ladislau-Suli-le-resilient.jpg 681w, https:\/\/fondationmaisonaphasie.ca\/wp-content\/uploads\/2023\/03\/Ladislau-Suli-le-resilient-300x169.jpg 300w\" sizes=\"(max-width: 681px) 100vw, 681px\" style=\"width:100%;height:56.24%;max-width:681px\" \/>\t\t\t\t\t\t\t\t\t\t\t\t\t\t\t<\/div>\n\t\t\t\t<\/div>\n\t\t\t\t\t<\/div>\n\t\t<\/div>\n\t\t\t\t<div class=\"elementor-column elementor-col-66 elementor-top-column elementor-element elementor-element-10caa3c\" data-id=\"10caa3c\" data-element_type=\"column\">\n\t\t\t<div class=\"elementor-widget-wrap elementor-element-populated\">\n\t\t\t\t\t\t<div class=\"elementor-element elementor-element-d7847a1 elementor-widget elementor-widget-text-editor\" data-id=\"d7847a1\" data-element_type=\"widget\" data-widget_type=\"text-editor.default\">\n\t\t\t\t<div class=\"elementor-widget-container\">\n\t\t\t\t\t\t\t\t\t<p>On a beautiful summer day, specifically Friday, August 13, 1999, without warning or notice, like many others, I was suddenly and forcibly taken aboard a ship called \u201caphasia.\u201d Not as a member of the crew, but as a passenger! In this new, completely different life, everything was entirely planned out by others: hospital, long-term care center, rehabilitation center...<\/p><p>Such was my path, like so many pearls strung together on a thread that I followed without understanding. When I reached the end of my \u201cstring of pearls,\u201d I was fortunate enough to join an association of people who, like me, had completed their rehabilitation program: the AQPA. For certain language-related activities, we had the help of a remedial teacher, Ms. Monique Michaud from the Educational and Pedagogical Resource Center. Then the AQPA set up a choir, which is still active today, which I joined on the advice of my rehabilitation colleagues.<\/p>\t\t\t\t\t\t\t\t<\/div>\n\t\t\t\t<\/div>\n\t\t\t\t<div class=\"elementor-element elementor-element-2e22a3d elementor-widget elementor-widget-heading\" data-id=\"2e22a3d\" data-element_type=\"widget\" data-widget_type=\"heading.default\">\n\t\t\t\t<div class=\"elementor-widget-container\">\n\t\t\t\t\t<h2 class=\"elementor-heading-title elementor-size-default\">Ladislau Suli<\/h2>\t\t\t\t<\/div>\n\t\t\t\t<\/div>\n\t\t\t\t<div class=\"elementor-element elementor-element-b958ec8 elementor-widget elementor-widget-heading\" data-id=\"b958ec8\" data-element_type=\"widget\" data-widget_type=\"heading.default\">\n\t\t\t\t<div class=\"elementor-widget-container\">\n\t\t\t\t\t<h2 class=\"elementor-heading-title elementor-size-default\">Person with Aphasia<\/h2>\t\t\t\t<\/div>\n\t\t\t\t<\/div>\n\t\t\t\t\t<\/div>\n\t\t<\/div>\n\t\t\t\t\t<\/div>\n\t\t<\/section>\n\t\t\t\t<section class=\"elementor-section elementor-top-section elementor-element elementor-element-fd990e6 elementor-section-boxed elementor-section-height-default elementor-section-height-default\" data-id=\"fd990e6\" data-element_type=\"section\">\n\t\t\t\t\t\t<div class=\"elementor-container elementor-column-gap-default\">\n\t\t\t\t\t<div class=\"elementor-column elementor-col-100 elementor-top-column elementor-element elementor-element-17a5b7c\" data-id=\"17a5b7c\" data-element_type=\"column\">\n\t\t\t<div class=\"elementor-widget-wrap elementor-element-populated\">\n\t\t\t\t\t\t<div class=\"elementor-element elementor-element-0fdf6dc elementor-widget elementor-widget-spacer\" data-id=\"0fdf6dc\" data-element_type=\"widget\" data-widget_type=\"spacer.default\">\n\t\t\t\t<div class=\"elementor-widget-container\">\n\t\t\t\t\t\t\t<div class=\"elementor-spacer\">\n\t\t\t<div class=\"elementor-spacer-inner\"><\/div>\n\t\t<\/div>\n\t\t\t\t\t\t<\/div>\n\t\t\t\t<\/div>\n\t\t\t\t\t<\/div>\n\t\t<\/div>\n\t\t\t\t\t<\/div>\n\t\t<\/section>\n\t\t\t\t<section class=\"elementor-section elementor-top-section elementor-element elementor-element-2a55982 elementor-section-boxed elementor-section-height-default elementor-section-height-default\" data-id=\"2a55982\" data-element_type=\"section\" data-settings=\"{&quot;background_background&quot;:&quot;classic&quot;}\">\n\t\t\t\t\t\t<div class=\"elementor-container elementor-column-gap-default\">\n\t\t\t\t\t<div class=\"elementor-column elementor-col-100 elementor-top-column elementor-element elementor-element-4f77d55\" data-id=\"4f77d55\" data-element_type=\"column\">\n\t\t\t<div class=\"elementor-widget-wrap elementor-element-populated\">\n\t\t\t\t\t\t<div class=\"elementor-element elementor-element-ecefc35 elementor-widget elementor-widget-heading\" data-id=\"ecefc35\" data-element_type=\"widget\" data-widget_type=\"heading.default\">\n\t\t\t\t<div class=\"elementor-widget-container\">\n\t\t\t\t\t<h2 class=\"elementor-heading-title elementor-size-default\">Aphasic people are at the heart of the Foundation's mission. <\/h2>\t\t\t\t<\/div>\n\t\t\t\t<\/div>\n\t\t\t\t<div class=\"elementor-element elementor-element-2b4ce8c elementor-align-center elementor-widget elementor-widget-button\" data-id=\"2b4ce8c\" data-element_type=\"widget\" data-widget_type=\"button.default\">\n\t\t\t\t<div class=\"elementor-widget-container\">\n\t\t\t\t\t\t\t\t\t<div class=\"elementor-button-wrapper\">\n\t\t\t\t\t<a class=\"elementor-button elementor-button-link elementor-size-sm\" href=\"https:\/\/fondationmaisonaphasie.ca\/en\/?page_id=344\">\n\t\t\t\t\t\t<span class=\"elementor-button-content-wrapper\">\n\t\t\t\t\t\t\t\t\t<span class=\"elementor-button-text\">Make a donation<\/span>\n\t\t\t\t\t<\/span>\n\t\t\t\t\t<\/a>\n\t\t\t\t<\/div>\n\t\t\t\t\t\t\t\t<\/div>\n\t\t\t\t<\/div>\n\t\t\t\t\t<\/div>\n\t\t<\/div>\n\t\t\t\t\t<\/div>\n\t\t<\/section>\n\t\t\t\t<section class=\"elementor-section elementor-top-section elementor-element elementor-element-10f16ea elementor-section-boxed elementor-section-height-default elementor-section-height-default\" data-id=\"10f16ea\" data-element_type=\"section\">\n\t\t\t\t\t\t<div class=\"elementor-container elementor-column-gap-default\">\n\t\t\t\t\t<div class=\"elementor-column elementor-col-100 elementor-top-column elementor-element elementor-element-8faa772\" data-id=\"8faa772\" data-element_type=\"column\">\n\t\t\t<div class=\"elementor-widget-wrap elementor-element-populated\">\n\t\t\t\t\t\t<div class=\"elementor-element elementor-element-b23c344 elementor-widget elementor-widget-spacer\" data-id=\"b23c344\" data-element_type=\"widget\" data-widget_type=\"spacer.default\">\n\t\t\t\t<div class=\"elementor-widget-container\">\n\t\t\t\t\t\t\t<div class=\"elementor-spacer\">\n\t\t\t<div class=\"elementor-spacer-inner\"><\/div>\n\t\t<\/div>\n\t\t\t\t\t\t<\/div>\n\t\t\t\t<\/div>\n\t\t\t\t\t<\/div>\n\t\t<\/div>\n\t\t\t\t\t<\/div>\n\t\t<\/section>\n\t\t\t\t<\/div>","protected":false},"excerpt":{"rendered":"<p>T\u00e9moignages Je suis arriv\u00e9 \u00e0 l&rsquo;AQPA en 2008, apr\u00e8s 3 ann\u00e9es pass\u00e9es dans les centres de r\u00e9adaptation en orthophonie. J&rsquo;ai eu une aphasie s\u00e9v\u00e8re due \u00e0 un AVC, j&rsquo;\u00e9tais muet et je pouvais \u00e0 peine \u00e9crire. On m&rsquo;avait dit qu&rsquo;il y a des associations regroupant des personnes aphasiques et leurs proches, que gr\u00e2ce \u00e0 des&hellip; <a class=\"more-link\" href=\"https:\/\/fondationmaisonaphasie.ca\/en\/temoignages\/\">Continue reading <span class=\"screen-reader-text\">Testimonials<\/span><\/a><\/p>","protected":false},"author":3,"featured_media":0,"parent":0,"menu_order":0,"comment_status":"closed","ping_status":"closed","template":"elementor_header_footer","meta":{"footnotes":""},"class_list":["post-380","page","type-page","status-publish","hentry","entry"],"_links":{"self":[{"href":"https:\/\/fondationmaisonaphasie.ca\/en\/wp-json\/wp\/v2\/pages\/380","targetHints":{"allow":["GET"]}}],"collection":[{"href":"https:\/\/fondationmaisonaphasie.ca\/en\/wp-json\/wp\/v2\/pages"}],"about":[{"href":"https:\/\/fondationmaisonaphasie.ca\/en\/wp-json\/wp\/v2\/types\/page"}],"author":[{"embeddable":true,"href":"https:\/\/fondationmaisonaphasie.ca\/en\/wp-json\/wp\/v2\/users\/3"}],"replies":[{"embeddable":true,"href":"https:\/\/fondationmaisonaphasie.ca\/en\/wp-json\/wp\/v2\/comments?post=380"}],"version-history":[{"count":42,"href":"https:\/\/fondationmaisonaphasie.ca\/en\/wp-json\/wp\/v2\/pages\/380\/revisions"}],"predecessor-version":[{"id":2217,"href":"https:\/\/fondationmaisonaphasie.ca\/en\/wp-json\/wp\/v2\/pages\/380\/revisions\/2217"}],"wp:attachment":[{"href":"https:\/\/fondationmaisonaphasie.ca\/en\/wp-json\/wp\/v2\/media?parent=380"}],"curies":[{"name":"wp","href":"https:\/\/api.w.org\/{rel}","templated":true}]}}