{"id":807,"date":"2022-09-26T22:17:41","date_gmt":"2022-09-27T02:17:41","guid":{"rendered":"https:\/\/fondationmaisonaphasie.ca\/?page_id=807"},"modified":"2025-11-13T12:31:36","modified_gmt":"2025-11-13T17:31:36","slug":"maison-aphasie","status":"publish","type":"page","link":"https:\/\/fondationmaisonaphasie.ca\/en\/maison-aphasie\/","title":{"rendered":"Maison de l&rsquo;aphasie"},"content":{"rendered":"<div data-elementor-type=\"wp-page\" data-elementor-id=\"807\" class=\"elementor elementor-807\" data-elementor-post-type=\"page\">\n\t\t\t\t\t\t<section class=\"elementor-section elementor-top-section elementor-element elementor-element-6751580b elementor-section-height-min-height elementor-section-items-stretch elementor-section-boxed elementor-section-height-default\" data-id=\"6751580b\" data-element_type=\"section\" data-settings=\"{&quot;background_background&quot;:&quot;classic&quot;}\">\n\t\t\t\t\t\t\t<div class=\"elementor-background-overlay\"><\/div>\n\t\t\t\t\t\t\t<div class=\"elementor-container elementor-column-gap-no\">\n\t\t\t\t\t<div class=\"elementor-column elementor-col-100 elementor-top-column elementor-element elementor-element-677e5824\" data-id=\"677e5824\" data-element_type=\"column\">\n\t\t\t<div class=\"elementor-widget-wrap\">\n\t\t\t\t\t\t\t<\/div>\n\t\t<\/div>\n\t\t\t\t\t<\/div>\n\t\t<\/section>\n\t\t\t\t<section class=\"elementor-section elementor-top-section elementor-element elementor-element-1649291 elementor-section-height-min-height elementor-section-boxed elementor-section-height-default elementor-section-items-middle\" data-id=\"1649291\" data-element_type=\"section\">\n\t\t\t\t\t\t<div class=\"elementor-container elementor-column-gap-default\">\n\t\t\t\t\t<div class=\"elementor-column elementor-col-100 elementor-top-column elementor-element elementor-element-b53e129\" data-id=\"b53e129\" data-element_type=\"column\">\n\t\t\t<div class=\"elementor-widget-wrap elementor-element-populated\">\n\t\t\t\t\t\t<div class=\"elementor-element elementor-element-9fef996 elementor-widget elementor-widget-heading\" data-id=\"9fef996\" data-element_type=\"widget\" data-widget_type=\"heading.default\">\n\t\t\t\t<div class=\"elementor-widget-container\">\n\t\t\t\t\t<h2 class=\"elementor-heading-title elementor-size-default\">The House<\/h2>\t\t\t\t<\/div>\n\t\t\t\t<\/div>\n\t\t\t\t<div class=\"elementor-element elementor-element-6ca26de elementor-widget elementor-widget-spacer\" data-id=\"6ca26de\" data-element_type=\"widget\" data-widget_type=\"spacer.default\">\n\t\t\t\t<div class=\"elementor-widget-container\">\n\t\t\t\t\t\t\t<div class=\"elementor-spacer\">\n\t\t\t<div class=\"elementor-spacer-inner\"><\/div>\n\t\t<\/div>\n\t\t\t\t\t\t<\/div>\n\t\t\t\t<\/div>\n\t\t\t\t<div class=\"elementor-element elementor-element-6373a88 elementor-widget elementor-widget-text-editor\" data-id=\"6373a88\" data-element_type=\"widget\" data-widget_type=\"text-editor.default\">\n\t\t\t\t<div class=\"elementor-widget-container\">\n\t\t\t\t\t\t\t\t\t<p>The Foundation is committed to bringing together people with aphasia and modest incomes in the same home, so that they can break out of isolation and enjoy shared services tailored to their needs.<\/p><p class=\"translation-block\">Although the Convergence Griffintown project, launched in 2018, did not come to fruition due to a lack of funding, the AHF believes that the conditions for a real estate project for people with aphasia will soon be met. The Mainbourg Corporation, a social economy enterprise that owns and manages community-oriented buildings, supports our hopes. A decision by its board of directors in October 2024 validated their collaboration with the foundation. In January 2025, the AHF therefore created an independent corporation, the House of Aphasia whose main objective is to provide assistance and support to people with aphasia, and more specifically to promote access to housing that meets their needs.<\/p>\t\t\t\t\t\t\t\t<\/div>\n\t\t\t\t<\/div>\n\t\t\t\t\t<\/div>\n\t\t<\/div>\n\t\t\t\t\t<\/div>\n\t\t<\/section>\n\t\t\t\t<section class=\"elementor-section elementor-top-section elementor-element elementor-element-b2fae87 elementor-section-boxed elementor-section-height-default elementor-section-height-default\" data-id=\"b2fae87\" data-element_type=\"section\">\n\t\t\t\t\t\t<div class=\"elementor-container elementor-column-gap-default\">\n\t\t\t\t\t<div class=\"elementor-column elementor-col-100 elementor-top-column elementor-element elementor-element-f864703\" data-id=\"f864703\" data-element_type=\"column\">\n\t\t\t<div class=\"elementor-widget-wrap\">\n\t\t\t\t\t\t\t<\/div>\n\t\t<\/div>\n\t\t\t\t\t<\/div>\n\t\t<\/section>\n\t\t\t\t<section class=\"elementor-section elementor-top-section elementor-element elementor-element-20fbb70 elementor-section-boxed elementor-section-height-default elementor-section-height-default\" data-id=\"20fbb70\" data-element_type=\"section\">\n\t\t\t\t\t\t<div class=\"elementor-container elementor-column-gap-default\">\n\t\t\t\t\t<div class=\"elementor-column elementor-col-33 elementor-top-column elementor-element elementor-element-b7e289f\" data-id=\"b7e289f\" data-element_type=\"column\">\n\t\t\t<div class=\"elementor-widget-wrap elementor-element-populated\">\n\t\t\t\t\t\t<div class=\"elementor-element elementor-element-2a3f2b5 elementor-invisible elementor-widget elementor-widget-image\" data-id=\"2a3f2b5\" data-element_type=\"widget\" data-settings=\"{&quot;_animation&quot;:&quot;fadeInLeft&quot;}\" data-widget_type=\"image.default\">\n\t\t\t\t<div class=\"elementor-widget-container\">\n\t\t\t\t\t\t\t\t\t\t\t\t\t\t\t<img fetchpriority=\"high\" decoding=\"async\" width=\"750\" height=\"500\" src=\"https:\/\/fondationmaisonaphasie.ca\/wp-content\/uploads\/2023\/03\/Maison-de-laphasie_n-1024x683.jpg\" class=\"attachment-large size-large wp-image-1721\" alt=\"\" srcset=\"https:\/\/fondationmaisonaphasie.ca\/wp-content\/uploads\/2023\/03\/Maison-de-laphasie_n-1024x683.jpg 1024w, https:\/\/fondationmaisonaphasie.ca\/wp-content\/uploads\/2023\/03\/Maison-de-laphasie_n-300x200.jpg 300w, https:\/\/fondationmaisonaphasie.ca\/wp-content\/uploads\/2023\/03\/Maison-de-laphasie_n-768x512.jpg 768w, https:\/\/fondationmaisonaphasie.ca\/wp-content\/uploads\/2023\/03\/Maison-de-laphasie_n-1536x1024.jpg 1536w, https:\/\/fondationmaisonaphasie.ca\/wp-content\/uploads\/2023\/03\/Maison-de-laphasie_n-1568x1045.jpg 1568w, https:\/\/fondationmaisonaphasie.ca\/wp-content\/uploads\/2023\/03\/Maison-de-laphasie_n.jpg 1836w\" sizes=\"(max-width: 750px) 100vw, 750px\" style=\"width:100%;height:66.67%;max-width:1836px\" \/>\t\t\t\t\t\t\t\t\t\t\t\t\t\t\t<\/div>\n\t\t\t\t<\/div>\n\t\t\t\t\t<\/div>\n\t\t<\/div>\n\t\t\t\t<div class=\"elementor-column elementor-col-66 elementor-top-column elementor-element elementor-element-0d1eb05\" data-id=\"0d1eb05\" data-element_type=\"column\">\n\t\t\t<div class=\"elementor-widget-wrap elementor-element-populated\">\n\t\t\t\t\t\t<div class=\"elementor-element elementor-element-1ed5cbd elementor-widget elementor-widget-heading\" data-id=\"1ed5cbd\" data-element_type=\"widget\" data-widget_type=\"heading.default\">\n\t\t\t\t<div class=\"elementor-widget-container\">\n\t\t\t\t\t<h2 class=\"elementor-heading-title elementor-size-default\">Current situation<\/h2>\t\t\t\t<\/div>\n\t\t\t\t<\/div>\n\t\t\t\t<div class=\"elementor-element elementor-element-c39d012 elementor-widget elementor-widget-text-editor\" data-id=\"c39d012\" data-element_type=\"widget\" data-widget_type=\"text-editor.default\">\n\t\t\t\t<div class=\"elementor-widget-container\">\n\t\t\t\t\t\t\t\t\t<p>Study by Adalie Le Nguyen, supervised by Guylaine Le Dorze<\/p>\t\t\t\t\t\t\t\t<\/div>\n\t\t\t\t<\/div>\n\t\t\t\t<div class=\"elementor-element elementor-element-1b4fa97 elementor-widget elementor-widget-text-editor\" data-id=\"1b4fa97\" data-element_type=\"widget\" data-widget_type=\"text-editor.default\">\n\t\t\t\t<div class=\"elementor-widget-container\">\n\t\t\t\t\t\t\t\t\t<p class=\"translation-block\">Adalie Le Nguyen, a student at the University of Montreal, is devoting her master's thesis in speech therapy to surveying people with aphasia in the AQPA about their needs and desires with regard to a home dedicated to them. More than 30 participants were interviewed. A summary of this research is published online in the journal Aphasiology. For her part, Executive Director Louise Bourbonnais gathered the opinions of caregivers on the urgency of living in an aphasia house. There is no doubt about the merits of this project.<\/p>\t\t\t\t\t\t\t\t<\/div>\n\t\t\t\t<\/div>\n\t\t\t\t<div class=\"elementor-element elementor-element-fa80345 elementor-align-left elementor-widget elementor-widget-button\" data-id=\"fa80345\" data-element_type=\"widget\" data-widget_type=\"button.default\">\n\t\t\t\t<div class=\"elementor-widget-container\">\n\t\t\t\t\t\t\t\t\t<div class=\"elementor-button-wrapper\">\n\t\t\t\t\t<a class=\"elementor-button elementor-button-link elementor-size-sm\" href=\"https:\/\/www.tandfonline.com\/doi\/full\/10.1080\/02687038.2018.1486383\" target=\"_blank\">\n\t\t\t\t\t\t<span class=\"elementor-button-content-wrapper\">\n\t\t\t\t\t\t\t\t\t<span class=\"elementor-button-text\">More<\/span>\n\t\t\t\t\t<\/span>\n\t\t\t\t\t<\/a>\n\t\t\t\t<\/div>\n\t\t\t\t\t\t\t\t<\/div>\n\t\t\t\t<\/div>\n\t\t\t\t\t<\/div>\n\t\t<\/div>\n\t\t\t\t\t<\/div>\n\t\t<\/section>\n\t\t\t\t<section class=\"elementor-section elementor-top-section elementor-element elementor-element-620e6a8 elementor-section-boxed elementor-section-height-default elementor-section-height-default\" data-id=\"620e6a8\" data-element_type=\"section\">\n\t\t\t\t\t\t<div class=\"elementor-container elementor-column-gap-default\">\n\t\t\t\t\t<div class=\"elementor-column elementor-col-33 elementor-top-column elementor-element elementor-element-3b32edc\" data-id=\"3b32edc\" data-element_type=\"column\">\n\t\t\t<div class=\"elementor-widget-wrap elementor-element-populated\">\n\t\t\t\t\t\t<div class=\"elementor-element elementor-element-e50f017 elementor-invisible elementor-widget elementor-widget-image\" data-id=\"e50f017\" data-element_type=\"widget\" data-settings=\"{&quot;_animation&quot;:&quot;fadeInLeft&quot;}\" data-widget_type=\"image.default\">\n\t\t\t\t<div class=\"elementor-widget-container\">\n\t\t\t\t\t\t\t\t\t\t\t\t\t\t\t<img decoding=\"async\" width=\"750\" height=\"757\" src=\"https:\/\/fondationmaisonaphasie.ca\/wp-content\/uploads\/2023\/05\/rayide.jpg\" class=\"attachment-large size-large wp-image-1944\" alt=\"\" srcset=\"https:\/\/fondationmaisonaphasie.ca\/wp-content\/uploads\/2023\/05\/rayide.jpg 1010w, https:\/\/fondationmaisonaphasie.ca\/wp-content\/uploads\/2023\/05\/rayide-297x300.jpg 297w, https:\/\/fondationmaisonaphasie.ca\/wp-content\/uploads\/2023\/05\/rayide-150x150.jpg 150w, https:\/\/fondationmaisonaphasie.ca\/wp-content\/uploads\/2023\/05\/rayide-768x776.jpg 768w\" sizes=\"(max-width: 750px) 100vw, 750px\" style=\"width:100%;height:100.99%;max-width:1010px\" \/>\t\t\t\t\t\t\t\t\t\t\t\t\t\t\t<\/div>\n\t\t\t\t<\/div>\n\t\t\t\t\t<\/div>\n\t\t<\/div>\n\t\t\t\t<div class=\"elementor-column elementor-col-66 elementor-top-column elementor-element elementor-element-b662b4d\" data-id=\"b662b4d\" data-element_type=\"column\">\n\t\t\t<div class=\"elementor-widget-wrap elementor-element-populated\">\n\t\t\t\t\t\t<div class=\"elementor-element elementor-element-87f7dba elementor-widget elementor-widget-heading\" data-id=\"87f7dba\" data-element_type=\"widget\" data-widget_type=\"heading.default\">\n\t\t\t\t<div class=\"elementor-widget-container\">\n\t\t\t\t\t<h2 class=\"elementor-heading-title elementor-size-default\">The architects<\/h2>\t\t\t\t<\/div>\n\t\t\t\t<\/div>\n\t\t\t\t<div class=\"elementor-element elementor-element-72e1588 elementor-widget elementor-widget-text-editor\" data-id=\"72e1588\" data-element_type=\"widget\" data-widget_type=\"text-editor.default\">\n\t\t\t\t<div class=\"elementor-widget-container\">\n\t\t\t\t\t\t\t\t\t<p><a href=\"https:\/\/www.rayside.qc.ca\/\">Rayside Labossiere<\/a><\/p>\t\t\t\t\t\t\t\t<\/div>\n\t\t\t\t<\/div>\n\t\t\t\t<div class=\"elementor-element elementor-element-e530d42 elementor-widget elementor-widget-text-editor\" data-id=\"e530d42\" data-element_type=\"widget\" data-widget_type=\"text-editor.default\">\n\t\t\t\t<div class=\"elementor-widget-container\">\n\t\t\t\t\t\t\t\t\t<p>Engaging with the community, supporting promising initiatives, whatever they may be and without judgment, accompanying individuals and groups who dream big and want to build the city of tomorrow\u2014this is what drives the Rayside Labossi\u00e8re team and makes them unique.<\/p><p>\u00a0<\/p>\t\t\t\t\t\t\t\t<\/div>\n\t\t\t\t<\/div>\n\t\t\t\t<div class=\"elementor-element elementor-element-c919c2b elementor-align-left elementor-widget elementor-widget-button\" data-id=\"c919c2b\" data-element_type=\"widget\" data-widget_type=\"button.default\">\n\t\t\t\t<div class=\"elementor-widget-container\">\n\t\t\t\t\t\t\t\t\t<div class=\"elementor-button-wrapper\">\n\t\t\t\t\t<a class=\"elementor-button elementor-button-link elementor-size-sm\" href=\"https:\/\/www.rayside.qc.ca\/\" target=\"_blank\">\n\t\t\t\t\t\t<span class=\"elementor-button-content-wrapper\">\n\t\t\t\t\t\t\t\t\t<span class=\"elementor-button-text\">More<\/span>\n\t\t\t\t\t<\/span>\n\t\t\t\t\t<\/a>\n\t\t\t\t<\/div>\n\t\t\t\t\t\t\t\t<\/div>\n\t\t\t\t<\/div>\n\t\t\t\t\t<\/div>\n\t\t<\/div>\n\t\t\t\t\t<\/div>\n\t\t<\/section>\n\t\t\t\t<section class=\"elementor-section elementor-top-section elementor-element elementor-element-64653ed elementor-section-boxed elementor-section-height-default elementor-section-height-default\" data-id=\"64653ed\" data-element_type=\"section\">\n\t\t\t\t\t\t<div class=\"elementor-container elementor-column-gap-default\">\n\t\t\t\t\t<div class=\"elementor-column elementor-col-33 elementor-top-column elementor-element elementor-element-282507e\" data-id=\"282507e\" data-element_type=\"column\">\n\t\t\t<div class=\"elementor-widget-wrap elementor-element-populated\">\n\t\t\t\t\t\t<div class=\"elementor-element elementor-element-9588f5b elementor-widget elementor-widget-image\" data-id=\"9588f5b\" data-element_type=\"widget\" data-widget_type=\"image.default\">\n\t\t\t\t<div class=\"elementor-widget-container\">\n\t\t\t\t\t\t\t\t\t\t\t\t\t\t\t<img decoding=\"async\" width=\"750\" height=\"563\" src=\"https:\/\/fondationmaisonaphasie.ca\/wp-content\/uploads\/2025\/06\/mainbourg-1024x768.jpg\" class=\"attachment-large size-large wp-image-3248\" alt=\"\" srcset=\"https:\/\/fondationmaisonaphasie.ca\/wp-content\/uploads\/2025\/06\/mainbourg-1024x768.jpg 1024w, https:\/\/fondationmaisonaphasie.ca\/wp-content\/uploads\/2025\/06\/mainbourg-300x225.jpg 300w, https:\/\/fondationmaisonaphasie.ca\/wp-content\/uploads\/2025\/06\/mainbourg-768x576.jpg 768w, https:\/\/fondationmaisonaphasie.ca\/wp-content\/uploads\/2025\/06\/mainbourg-1536x1152.jpg 1536w, https:\/\/fondationmaisonaphasie.ca\/wp-content\/uploads\/2025\/06\/mainbourg-2048x1536.jpg 2048w, https:\/\/fondationmaisonaphasie.ca\/wp-content\/uploads\/2025\/06\/mainbourg-16x12.jpg 16w, https:\/\/fondationmaisonaphasie.ca\/wp-content\/uploads\/2025\/06\/mainbourg-1568x1176.jpg 1568w\" sizes=\"(max-width: 750px) 100vw, 750px\" style=\"width:100%;height:75%;max-width:2272px\" \/>\t\t\t\t\t\t\t\t\t\t\t\t\t\t\t<\/div>\n\t\t\t\t<\/div>\n\t\t\t\t\t<\/div>\n\t\t<\/div>\n\t\t\t\t<div class=\"elementor-column elementor-col-66 elementor-top-column elementor-element elementor-element-523ae5f\" data-id=\"523ae5f\" data-element_type=\"column\">\n\t\t\t<div class=\"elementor-widget-wrap elementor-element-populated\">\n\t\t\t\t\t\t<div class=\"elementor-element elementor-element-832b34a elementor-widget elementor-widget-heading\" data-id=\"832b34a\" data-element_type=\"widget\" data-widget_type=\"heading.default\">\n\t\t\t\t<div class=\"elementor-widget-container\">\n\t\t\t\t\t<h2 class=\"elementor-heading-title elementor-size-default\">The environment<\/h2>\t\t\t\t<\/div>\n\t\t\t\t<\/div>\n\t\t\t\t<div class=\"elementor-element elementor-element-ba9b514 elementor-widget elementor-widget-text-editor\" data-id=\"ba9b514\" data-element_type=\"widget\" data-widget_type=\"text-editor.default\">\n\t\t\t\t<div class=\"elementor-widget-container\">\n\t\t\t\t\t\t\t\t\t<p>Corporation Mainbourg's board of directors understood the project's goal of providing people with aphasia with an environment suited to their needs.  Two buildings are to be constructed, one in Pointe-aux-Trembles-Rivi\u00e8re-des-Prairies and the other in Longueuil, in which some 40 units will be reserved for people with aphasia.  However, like all non-profit housing organizations, the Mainbourg Corporation is subject to the availability of funding, whether from cities or the government. The AHF hopes that funding will soon be available! <a href=\"https:\/\/mainbourg.org\/\">Corporation Mainbourg.\u00a0<\/a> Deux immeubles devraient \u00eatre construits, soit \u00e0 <a href=\"https:\/\/mainbourg.org\/logements\/\">Pointe-aux-Trembles-Rivi\u00e8re-des-Prairies et \u00e0 Longueuil<\/a>, dans lesquels\u00a0 une quarantaine de logements seraient r\u00e9serv\u00e9s aux personnes aphasiques.\u00a0 Toutefois, comme tous les OBNL d\u2019habitation, la <a href=\"http:\/\/mainbourg.org\">Corporation Mainbourg<\/a> est soumise \u00e0 la disponibilit\u00e9 du financement, qu\u2019il provienne des villes ou du gouvernement. La FMA esp\u00e8re que le financement sera bient\u00f4t au rendez-vous!<\/p>\t\t\t\t\t\t\t\t<\/div>\n\t\t\t\t<\/div>\n\t\t\t\t\t<\/div>\n\t\t<\/div>\n\t\t\t\t\t<\/div>\n\t\t<\/section>\n\t\t\t\t<section class=\"elementor-section elementor-top-section elementor-element elementor-element-1c89948 elementor-section-boxed elementor-section-height-default elementor-section-height-default\" data-id=\"1c89948\" data-element_type=\"section\">\n\t\t\t\t\t\t<div class=\"elementor-container elementor-column-gap-default\">\n\t\t\t\t\t<div class=\"elementor-column elementor-col-100 elementor-top-column elementor-element elementor-element-93e3703\" data-id=\"93e3703\" data-element_type=\"column\" data-settings=\"{&quot;background_background&quot;:&quot;classic&quot;}\">\n\t\t\t<div class=\"elementor-widget-wrap elementor-element-populated\">\n\t\t\t\t\t\t<div class=\"elementor-element elementor-element-55b8cb3 elementor-invisible elementor-widget elementor-widget-image\" data-id=\"55b8cb3\" data-element_type=\"widget\" data-settings=\"{&quot;_animation&quot;:&quot;fadeInLeft&quot;}\" data-widget_type=\"image.default\">\n\t\t\t\t<div class=\"elementor-widget-container\">\n\t\t\t\t\t\t\t\t\t\t\t\t\t\t\t<img decoding=\"async\" src=\"https:\/\/fondationmaisonaphasie.ca\/wp-content\/uploads\/2023\/05\/CG-logement.docx\" title=\"\" alt=\"\" loading=\"lazy\" \/>\t\t\t\t\t\t\t\t\t\t\t\t\t\t\t<\/div>\n\t\t\t\t<\/div>\n\t\t\t\t\t<\/div>\n\t\t<\/div>\n\t\t\t\t\t<\/div>\n\t\t<\/section>\n\t\t\t\t<section class=\"elementor-section elementor-top-section elementor-element elementor-element-de7ff6d elementor-section-boxed elementor-section-height-default elementor-section-height-default\" data-id=\"de7ff6d\" data-element_type=\"section\">\n\t\t\t\t\t\t<div class=\"elementor-container elementor-column-gap-default\">\n\t\t\t\t\t<div class=\"elementor-column elementor-col-100 elementor-top-column elementor-element elementor-element-169a749\" data-id=\"169a749\" data-element_type=\"column\">\n\t\t\t<div class=\"elementor-widget-wrap elementor-element-populated\">\n\t\t\t\t\t\t<div class=\"elementor-element elementor-element-427d39f elementor-invisible elementor-widget elementor-widget-image\" data-id=\"427d39f\" data-element_type=\"widget\" data-settings=\"{&quot;_animation&quot;:&quot;fadeInLeft&quot;}\" data-widget_type=\"image.default\">\n\t\t\t\t<div class=\"elementor-widget-container\">\n\t\t\t\t\t\t\t\t\t\t\t\t\t\t\t<img decoding=\"async\" src=\"https:\/\/fondationmaisonaphasie.ca\/wp-content\/uploads\/2023\/05\/CG-logement.pdf\" title=\"\" alt=\"\" loading=\"lazy\" \/>\t\t\t\t\t\t\t\t\t\t\t\t\t\t\t<\/div>\n\t\t\t\t<\/div>\n\t\t\t\t\t<\/div>\n\t\t<\/div>\n\t\t\t\t\t<\/div>\n\t\t<\/section>\n\t\t\t\t<section class=\"elementor-section elementor-top-section elementor-element elementor-element-2f44dbf elementor-section-boxed elementor-section-height-default elementor-section-height-default\" data-id=\"2f44dbf\" data-element_type=\"section\">\n\t\t\t\t\t\t<div class=\"elementor-container elementor-column-gap-default\">\n\t\t\t\t\t<div class=\"elementor-column elementor-col-33 elementor-top-column elementor-element elementor-element-06c07bf\" data-id=\"06c07bf\" data-element_type=\"column\">\n\t\t\t<div class=\"elementor-widget-wrap elementor-element-populated\">\n\t\t\t\t\t\t\t<\/div>\n\t\t<\/div>\n\t\t\t\t<div class=\"elementor-column elementor-col-66 elementor-top-column elementor-element elementor-element-8c9e614\" data-id=\"8c9e614\" data-element_type=\"column\">\n\t\t\t<div class=\"elementor-widget-wrap elementor-element-populated\">\n\t\t\t\t\t\t\t<\/div>\n\t\t<\/div>\n\t\t\t\t\t<\/div>\n\t\t<\/section>\n\t\t\t\t<section class=\"elementor-section elementor-top-section elementor-element elementor-element-b3fe72d elementor-section-boxed elementor-section-height-default elementor-section-height-default\" data-id=\"b3fe72d\" data-element_type=\"section\">\n\t\t\t\t\t\t<div class=\"elementor-container elementor-column-gap-default\">\n\t\t\t\t\t<div class=\"elementor-column elementor-col-100 elementor-top-column elementor-element elementor-element-48f5905\" data-id=\"48f5905\" data-element_type=\"column\">\n\t\t\t<div class=\"elementor-widget-wrap elementor-element-populated\">\n\t\t\t\t\t\t<div class=\"elementor-element elementor-element-57fd0e7 elementor-widget elementor-widget-spacer\" data-id=\"57fd0e7\" data-element_type=\"widget\" data-widget_type=\"spacer.default\">\n\t\t\t\t<div class=\"elementor-widget-container\">\n\t\t\t\t\t\t\t<div class=\"elementor-spacer\">\n\t\t\t<div class=\"elementor-spacer-inner\"><\/div>\n\t\t<\/div>\n\t\t\t\t\t\t<\/div>\n\t\t\t\t<\/div>\n\t\t\t\t\t<\/div>\n\t\t<\/div>\n\t\t\t\t\t<\/div>\n\t\t<\/section>\n\t\t\t\t<section class=\"elementor-section elementor-top-section elementor-element elementor-element-fdb1ab7 elementor-section-boxed elementor-section-height-default elementor-section-height-default\" data-id=\"fdb1ab7\" data-element_type=\"section\">\n\t\t\t\t\t\t<div class=\"elementor-container elementor-column-gap-default\">\n\t\t\t\t\t<div class=\"elementor-column elementor-col-100 elementor-top-column elementor-element elementor-element-ac8efba\" data-id=\"ac8efba\" data-element_type=\"column\">\n\t\t\t<div class=\"elementor-widget-wrap elementor-element-populated\">\n\t\t\t\t\t\t<div class=\"elementor-element elementor-element-475f686 elementor-widget elementor-widget-button\" data-id=\"475f686\" data-element_type=\"widget\" data-widget_type=\"button.default\">\n\t\t\t\t<div class=\"elementor-widget-container\">\n\t\t\t\t\t\t\t\t\t<div class=\"elementor-button-wrapper\">\n\t\t\t\t\t<a class=\"elementor-button elementor-button-link elementor-size-sm\" href=\"\">\n\t\t\t\t\t\t<span class=\"elementor-button-content-wrapper\">\n\t\t\t\t\t\t\t\t\t<span class=\"elementor-button-text\">Click here<\/span>\n\t\t\t\t\t<\/span>\n\t\t\t\t\t<\/a>\n\t\t\t\t<\/div>\n\t\t\t\t\t\t\t\t<\/div>\n\t\t\t\t<\/div>\n\t\t\t\t\t<\/div>\n\t\t<\/div>\n\t\t\t\t\t<\/div>\n\t\t<\/section>\n\t\t\t\t<\/div>","protected":false},"excerpt":{"rendered":"<p>La maison de l&rsquo;aphasie R\u00e9unir dans une m\u00eame habitation des personnes aphasiques \u00e0 revenus modestes, afin qu&rsquo;elles sortent de l&rsquo;isolement et qu&rsquo;elles profitent de services communs, adapt\u00e9s \u00e0 leurs besoins : voil\u00e0 \u00e0 quoi s&rsquo;est engag\u00e9e la Fondation. M\u00eame si le projet Convergence Griffintown, d\u00e9marr\u00e9 en 2018, n\u2019a pas abouti faute de financement, la FMA&hellip; <a class=\"more-link\" href=\"https:\/\/fondationmaisonaphasie.ca\/en\/maison-aphasie\/\">Continue reading <span class=\"screen-reader-text\">Maison de l&rsquo;aphasie<\/span><\/a><\/p>","protected":false},"author":3,"featured_media":0,"parent":0,"menu_order":0,"comment_status":"closed","ping_status":"closed","template":"elementor_header_footer","meta":{"footnotes":""},"class_list":["post-807","page","type-page","status-publish","hentry","entry"],"_links":{"self":[{"href":"https:\/\/fondationmaisonaphasie.ca\/en\/wp-json\/wp\/v2\/pages\/807","targetHints":{"allow":["GET"]}}],"collection":[{"href":"https:\/\/fondationmaisonaphasie.ca\/en\/wp-json\/wp\/v2\/pages"}],"about":[{"href":"https:\/\/fondationmaisonaphasie.ca\/en\/wp-json\/wp\/v2\/types\/page"}],"author":[{"embeddable":true,"href":"https:\/\/fondationmaisonaphasie.ca\/en\/wp-json\/wp\/v2\/users\/3"}],"replies":[{"embeddable":true,"href":"https:\/\/fondationmaisonaphasie.ca\/en\/wp-json\/wp\/v2\/comments?post=807"}],"version-history":[{"count":235,"href":"https:\/\/fondationmaisonaphasie.ca\/en\/wp-json\/wp\/v2\/pages\/807\/revisions"}],"predecessor-version":[{"id":3374,"href":"https:\/\/fondationmaisonaphasie.ca\/en\/wp-json\/wp\/v2\/pages\/807\/revisions\/3374"}],"wp:attachment":[{"href":"https:\/\/fondationmaisonaphasie.ca\/en\/wp-json\/wp\/v2\/media?parent=807"}],"curies":[{"name":"wp","href":"https:\/\/api.w.org\/{rel}","templated":true}]}}